{"id":7610,"date":"2023-10-25T10:36:34","date_gmt":"2023-10-25T07:36:34","guid":{"rendered":"https:\/\/lhgeopark.fi\/isokeidas-hameenkangas-kankaanpaa\/"},"modified":"2024-02-07T12:27:20","modified_gmt":"2024-02-07T10:27:20","slug":"isokeidas-hameenkangas-kankaanpaa","status":"publish","type":"page","link":"https:\/\/lhgeopark.fi\/en\/virtual-content-panels\/isokeidas-hameenkangas-kankaanpaa\/","title":{"rendered":"Isokeidas, H\u00e4meenkangas, Kankaanp\u00e4\u00e4"},"content":{"rendered":"","protected":false},"excerpt":{"rendered":"","protected":false},"author":5,"featured_media":0,"parent":7423,"menu_order":5,"comment_status":"closed","ping_status":"closed","template":"","meta":{"_acf_changed":false,"footnotes":""},"class_list":["post-7610","page","type-page","status-publish","hentry"],"acf":[],"_links":{"self":[{"href":"https:\/\/lhgeopark.fi\/en\/wp-json\/wp\/v2\/pages\/7610","targetHints":{"allow":["GET"]}}],"collection":[{"href":"https:\/\/lhgeopark.fi\/en\/wp-json\/wp\/v2\/pages"}],"about":[{"href":"https:\/\/lhgeopark.fi\/en\/wp-json\/wp\/v2\/types\/page"}],"author":[{"embeddable":true,"href":"https:\/\/lhgeopark.fi\/en\/wp-json\/wp\/v2\/users\/5"}],"replies":[{"embeddable":true,"href":"https:\/\/lhgeopark.fi\/en\/wp-json\/wp\/v2\/comments?post=7610"}],"version-history":[{"count":2,"href":"https:\/\/lhgeopark.fi\/en\/wp-json\/wp\/v2\/pages\/7610\/revisions"}],"predecessor-version":[{"id":8080,"href":"https:\/\/lhgeopark.fi\/en\/wp-json\/wp\/v2\/pages\/7610\/revisions\/8080"}],"up":[{"embeddable":true,"href":"https:\/\/lhgeopark.fi\/en\/wp-json\/wp\/v2\/pages\/7423"}],"wp:attachment":[{"href":"https:\/\/lhgeopark.fi\/en\/wp-json\/wp\/v2\/media?parent=7610"}],"curies":[{"name":"wp","href":"https:\/\/api.w.org\/{rel}","templated":true}]}}