{"id":7617,"date":"2023-10-26T14:49:15","date_gmt":"2023-10-26T11:49:15","guid":{"rendered":"https:\/\/lhgeopark.fi\/viheraperankeidas-hameenkangas-kankaanpaa\/"},"modified":"2024-02-07T12:30:15","modified_gmt":"2024-02-07T10:30:15","slug":"viheraperankeidas","status":"publish","type":"page","link":"https:\/\/lhgeopark.fi\/en\/virtual-content-panels\/viheraperankeidas\/","title":{"rendered":"Viher\u00e4per\u00e4nkeidas, H\u00e4meenkangas, Kankaanp\u00e4\u00e4"},"content":{"rendered":"","protected":false},"excerpt":{"rendered":"","protected":false},"author":5,"featured_media":0,"parent":7423,"menu_order":12,"comment_status":"closed","ping_status":"closed","template":"","meta":{"_acf_changed":false,"footnotes":""},"class_list":["post-7617","page","type-page","status-publish","hentry"],"acf":[],"_links":{"self":[{"href":"https:\/\/lhgeopark.fi\/en\/wp-json\/wp\/v2\/pages\/7617","targetHints":{"allow":["GET"]}}],"collection":[{"href":"https:\/\/lhgeopark.fi\/en\/wp-json\/wp\/v2\/pages"}],"about":[{"href":"https:\/\/lhgeopark.fi\/en\/wp-json\/wp\/v2\/types\/page"}],"author":[{"embeddable":true,"href":"https:\/\/lhgeopark.fi\/en\/wp-json\/wp\/v2\/users\/5"}],"replies":[{"embeddable":true,"href":"https:\/\/lhgeopark.fi\/en\/wp-json\/wp\/v2\/comments?post=7617"}],"version-history":[{"count":3,"href":"https:\/\/lhgeopark.fi\/en\/wp-json\/wp\/v2\/pages\/7617\/revisions"}],"predecessor-version":[{"id":8083,"href":"https:\/\/lhgeopark.fi\/en\/wp-json\/wp\/v2\/pages\/7617\/revisions\/8083"}],"up":[{"embeddable":true,"href":"https:\/\/lhgeopark.fi\/en\/wp-json\/wp\/v2\/pages\/7423"}],"wp:attachment":[{"href":"https:\/\/lhgeopark.fi\/en\/wp-json\/wp\/v2\/media?parent=7617"}],"curies":[{"name":"wp","href":"https:\/\/api.w.org\/{rel}","templated":true}]}}