{"id":8091,"date":"2023-11-14T16:13:26","date_gmt":"2023-11-14T14:13:26","guid":{"rendered":"https:\/\/lhgeopark.fi\/ilmoita-tapahtuma\/"},"modified":"2024-02-07T12:59:58","modified_gmt":"2024-02-07T10:59:58","slug":"report-an-event","status":"publish","type":"page","link":"https:\/\/lhgeopark.fi\/en\/report-an-event\/","title":{"rendered":"Report an event"},"content":{"rendered":"<div class=\"frm_forms  with_frm_style frm_style_formidable-style\" id=\"frm_form_3_container\" data-token=\"1513501a64822d01a43fc6300d95c0de\">\n<form enctype=\"multipart\/form-data\" method=\"post\" class=\"frm-show-form  frm_pro_form \" id=\"form_ilmoitatapahtuma\" data-token=\"1513501a64822d01a43fc6300d95c0de\">\n<div class=\"frm_form_fields \">\n<fieldset>\n<legend class=\"frm_screen_reader\">Ilmoita tapahtuma<\/legend>\r\n<h3 class=\"frm_form_title\">Ilmoita tapahtuma<\/h3>\r\n<div class=\"frm_fields_container\">\n<input type=\"hidden\" name=\"frm_action\" value=\"create\" \/>\n<input type=\"hidden\" name=\"form_id\" value=\"3\" \/>\n<input type=\"hidden\" name=\"frm_hide_fields_3\" id=\"frm_hide_fields_3\" value=\"\" \/>\n<input type=\"hidden\" name=\"form_key\" value=\"ilmoitatapahtuma\" \/>\n<input type=\"hidden\" name=\"item_meta[0]\" value=\"\" \/>\n<input type=\"hidden\" id=\"frm_submit_entry_3\" name=\"frm_submit_entry_3\" value=\"a8912b4c39\" \/><input type=\"hidden\" name=\"_wp_http_referer\" value=\"\/en\/wp-json\/wp\/v2\/pages\/8091\" \/><div id=\"frm_field_8_container\" class=\"frm_form_field form-field  frm_required_field frm_top_container\">\r\n    <label for=\"field_utkv0\" id=\"field_utkv0_label\" class=\"frm_primary_label\">Tapahtuman nimi\r\n        <span class=\"frm_required\" aria-hidden=\"true\">*<\/span>\r\n    <\/label>\r\n    <input  type=\"text\" id=\"field_utkv0\" name=\"item_meta[8]\" value=\"\"  data-reqmsg=\"T\u00e4m\u00e4 kentt\u00e4 ei voi olla tyhj\u00e4.\" aria-required=\"true\" data-invmsg=\"Text is invalid\" aria-invalid=\"false\"   \/>\r\n    \r\n    \r\n<\/div>\n<div id=\"frm_field_17_container\" class=\"frm_form_field form-field  frm_top_container vertical_radio\">\r\n    <div  id=\"field_zn8ih_label\" class=\"frm_primary_label\">Tapahtuman kategoria\r\n        <span class=\"frm_required\" aria-hidden=\"true\"><\/span>\r\n    <\/div>\r\n    <div class=\"frm_opt_container\" aria-labelledby=\"field_zn8ih_label\" role=\"group\">\t\t<div class=\"frm_checkbox\" id=\"frm_checkbox_17-0\">\t\t\t<label  for=\"field_zn8ih-0\">\n\t\t\t<input type=\"checkbox\" name=\"item_meta[17][]\" id=\"field_zn8ih-0\" value=\"Koko perhe\"  data-invmsg=\"Tapahtuman kategoria is invalid\"   \/> Koko perhe<\/label><\/div>\n\t\t<div class=\"frm_checkbox\" id=\"frm_checkbox_17-1\">\t\t\t<label  for=\"field_zn8ih-1\">\n\t\t\t<input type=\"checkbox\" name=\"item_meta[17][]\" id=\"field_zn8ih-1\" value=\"Ohjatut retket\"  data-invmsg=\"Tapahtuman kategoria is invalid\"   \/> Ohjatut retket<\/label><\/div>\n\t\t<div class=\"frm_checkbox\" id=\"frm_checkbox_17-2\">\t\t\t<label  for=\"field_zn8ih-2\">\n\t\t\t<input type=\"checkbox\" name=\"item_meta[17][]\" id=\"field_zn8ih-2\" value=\"Markkinat\"  data-invmsg=\"Tapahtuman kategoria is invalid\"   \/> Markkinat<\/label><\/div>\n\t\t<div class=\"frm_checkbox\" id=\"frm_checkbox_17-3\">\t\t\t<label  for=\"field_zn8ih-3\">\n\t\t\t<input type=\"checkbox\" name=\"item_meta[17][]\" id=\"field_zn8ih-3\" value=\"Konsertti\"  data-invmsg=\"Tapahtuman kategoria is invalid\"   \/> Konsertti<\/label><\/div>\n\t\t<div class=\"frm_checkbox\" id=\"frm_checkbox_17-4\">\t\t\t<label  for=\"field_zn8ih-4\">\n\t\t\t<input type=\"checkbox\" name=\"item_meta[17][]\" id=\"field_zn8ih-4\" value=\"Teatteri\"  data-invmsg=\"Tapahtuman kategoria is invalid\"   \/> Teatteri<\/label><\/div>\n\t\t<div class=\"frm_checkbox\" id=\"frm_checkbox_17-6\">\t\t\t<label  for=\"field_zn8ih-6\">\n\t\t\t<input type=\"checkbox\" name=\"item_meta[17][]\" id=\"field_zn8ih-6\" value=\"Seminaari\"  data-invmsg=\"Tapahtuman kategoria is invalid\"   \/> Seminaari<\/label><\/div>\n\t\t<div class=\"frm_checkbox\" id=\"frm_checkbox_17-5\">\t\t\t<label  for=\"field_zn8ih-5\">\n\t\t\t<input type=\"checkbox\" name=\"item_meta[17][]\" id=\"field_zn8ih-5\" value=\"Muu\"  data-invmsg=\"Tapahtuman kategoria is invalid\"   \/> Muu<\/label><\/div>\n<\/div>\r\n    <div class=\"frm_description\" id=\"frm_desc_field_zn8ih\">Voit valita yhden tai useamman kategorian<\/div>\r\n    \r\n<\/div>\n<div id=\"frm_field_9_container\" class=\"frm_form_field form-field  frm_required_field frm_top_container\">\r\n    <label for=\"field_bc72m\" id=\"field_bc72m_label\" class=\"frm_primary_label\">Tapahtuman kuvaus\r\n        <span class=\"frm_required\" aria-hidden=\"true\">*<\/span>\r\n    <\/label>\r\n    <textarea name=\"item_meta[9]\" id=\"field_bc72m\" rows=\"5\"  data-reqmsg=\"T\u00e4m\u00e4 kentt\u00e4 ei voi olla tyhj\u00e4.\" aria-required=\"true\" data-invmsg=\"Paragraph is invalid\" aria-invalid=\"false\"  ><\/textarea>\r\n    \r\n    \r\n<\/div>\n<div id=\"frm_field_10_container\" class=\"frm_form_field form-field  frm_required_field frm_top_container frm3 frm_first\">\r\n    <label for=\"field_use4w\" id=\"field_use4w_label\" class=\"frm_primary_label\">Aloitusp\u00e4iv\u00e4m\u00e4\u00e4r\u00e4\r\n        <span class=\"frm_required\" aria-hidden=\"true\">*<\/span>\r\n    <\/label>\r\n    <input type=\"text\" id=\"field_use4w\" name=\"item_meta[10]\" value=\"\"  maxlength=\"10\" data-reqmsg=\"T\u00e4m\u00e4 kentt\u00e4 ei voi olla tyhj\u00e4.\" aria-required=\"true\" data-invmsg=\"Date is invalid\" class=\"frm_date\" aria-invalid=\"false\"  \/>\r\n    \r\n    \r\n<\/div>\n<div id=\"frm_field_11_container\" class=\"frm_form_field form-field  frm_top_container frm3\">\r\n    <div  id=\"field_rcth_label\" class=\"frm_primary_label\">Aloitusaika\r\n        <span class=\"frm_required\" aria-hidden=\"true\"><\/span>\r\n    <\/div>\r\n    <div class=\"frm_time_wrap\"><span dir=\"ltr\">\r\n<select aria-label=\"Aloitusaika ... hour\" name=\"item_meta[11][H]\" id=\"field_rcth_H\"  data-frmval=\"{&quot;H&quot;:&quot;&quot;,&quot;m&quot;:&quot;&quot;,&quot;A&quot;:&quot;&quot;,&quot;s&quot;:&quot;&quot;,&quot;ms&quot;:&quot;&quot;}\" data-invmsg=\"Time is invalid\" class=\"auto_width frm_time_select auto_width\" aria-invalid=\"false\"  ><option value=\"\"  selected='selected'><\/option><option value=\"00\" >00<\/option><option value=\"01\" >01<\/option><option value=\"02\" >02<\/option><option value=\"03\" >03<\/option><option value=\"04\" >04<\/option><option value=\"05\" >05<\/option><option value=\"06\" >06<\/option><option value=\"07\" >07<\/option><option value=\"08\" >08<\/option><option value=\"09\" >09<\/option><option value=\"10\" >10<\/option><option value=\"11\" >11<\/option><option value=\"12\" >12<\/option><option value=\"13\" >13<\/option><option value=\"14\" >14<\/option><option value=\"15\" >15<\/option><option value=\"16\" >16<\/option><option value=\"17\" >17<\/option><option value=\"18\" >18<\/option><option value=\"19\" >19<\/option><option value=\"20\" >20<\/option><option value=\"21\" >21<\/option><option value=\"22\" >22<\/option><option value=\"23\" >23<\/option><\/select>\r\n<span class=\"frm_time_sep\" aria-hidden=\"true\">:<\/span>\r\n<select aria-label=\"Aloitusaika ... minute\" name=\"item_meta[11][m]\" id=\"field_rcth_m\"  data-frmval=\"{&quot;H&quot;:&quot;&quot;,&quot;m&quot;:&quot;&quot;,&quot;A&quot;:&quot;&quot;,&quot;s&quot;:&quot;&quot;,&quot;ms&quot;:&quot;&quot;}\" data-invmsg=\"Time is invalid\" class=\"auto_width frm_time_select auto_width frm_time_select auto_width\" aria-invalid=\"false\"  ><option value=\"\"  selected='selected'><\/option><option value=\"00\" >00<\/option><option value=\"30\" >30<\/option><\/select>\r\n<\/span>\r\n<\/div>\r\n    \r\n    \r\n<\/div>\n<div id=\"frm_field_12_container\" class=\"frm_form_field form-field  frm_required_field frm_top_container frm3\">\r\n    <label for=\"field_xah6\" id=\"field_xah6_label\" class=\"frm_primary_label\">P\u00e4\u00e4ttymisp\u00e4iv\u00e4\r\n        <span class=\"frm_required\" aria-hidden=\"true\">*<\/span>\r\n    <\/label>\r\n    <input type=\"text\" id=\"field_xah6\" name=\"item_meta[12]\" value=\"\"  maxlength=\"10\" data-reqmsg=\"T\u00e4m\u00e4 kentt\u00e4 ei voi olla tyhj\u00e4.\" aria-required=\"true\" data-invmsg=\"Date is invalid\" class=\"frm_date\" aria-invalid=\"false\"  \/>\r\n    \r\n    \r\n<\/div>\n<div id=\"frm_field_13_container\" class=\"frm_form_field form-field  frm_top_container frm3\">\r\n    <div  id=\"field_ahevs_label\" class=\"frm_primary_label\">P\u00e4\u00e4ttymisaika\r\n        <span class=\"frm_required\" aria-hidden=\"true\"><\/span>\r\n    <\/div>\r\n    <div class=\"frm_time_wrap\"><span dir=\"ltr\">\r\n<select aria-label=\"P\u00e4\u00e4ttymisaika ... hour\" name=\"item_meta[13][H]\" id=\"field_ahevs_H\"  data-frmval=\"{&quot;H&quot;:&quot;&quot;,&quot;m&quot;:&quot;&quot;,&quot;A&quot;:&quot;&quot;,&quot;s&quot;:&quot;&quot;,&quot;ms&quot;:&quot;&quot;}\" data-invmsg=\"Time is invalid\" class=\"auto_width frm_time_select auto_width\" aria-invalid=\"false\"  ><option value=\"\"  selected='selected'><\/option><option value=\"00\" >00<\/option><option value=\"01\" >01<\/option><option value=\"02\" >02<\/option><option value=\"03\" >03<\/option><option value=\"04\" >04<\/option><option value=\"05\" >05<\/option><option value=\"06\" >06<\/option><option value=\"07\" >07<\/option><option value=\"08\" >08<\/option><option value=\"09\" >09<\/option><option value=\"10\" >10<\/option><option value=\"11\" >11<\/option><option value=\"12\" >12<\/option><option value=\"13\" >13<\/option><option value=\"14\" >14<\/option><option value=\"15\" >15<\/option><option value=\"16\" >16<\/option><option value=\"17\" >17<\/option><option value=\"18\" >18<\/option><option value=\"19\" >19<\/option><option value=\"20\" >20<\/option><option value=\"21\" >21<\/option><option value=\"22\" >22<\/option><option value=\"23\" >23<\/option><\/select>\r\n<span class=\"frm_time_sep\" aria-hidden=\"true\">:<\/span>\r\n<select aria-label=\"P\u00e4\u00e4ttymisaika ... minute\" name=\"item_meta[13][m]\" id=\"field_ahevs_m\"  data-frmval=\"{&quot;H&quot;:&quot;&quot;,&quot;m&quot;:&quot;&quot;,&quot;A&quot;:&quot;&quot;,&quot;s&quot;:&quot;&quot;,&quot;ms&quot;:&quot;&quot;}\" data-invmsg=\"Time is invalid\" class=\"auto_width frm_time_select auto_width frm_time_select auto_width\" aria-invalid=\"false\"  ><option value=\"\"  selected='selected'><\/option><option value=\"00\" >00<\/option><option value=\"30\" >30<\/option><\/select>\r\n<\/span>\r\n<\/div>\r\n    \r\n    \r\n<\/div>\n<div id=\"frm_field_14_container\" class=\"frm_form_field form-field  frm_top_container frm6 frm_first\">\r\n    <label for=\"field_89xyt\" id=\"field_89xyt_label\" class=\"frm_primary_label\">Sijainti\r\n        <span class=\"frm_required\" aria-hidden=\"true\"><\/span>\r\n    <\/label>\r\n    <input  type=\"text\" id=\"field_89xyt\" name=\"item_meta[14]\" value=\"\"  data-invmsg=\"Text is invalid\" aria-invalid=\"false\"   \/>\r\n    \r\n    \r\n<\/div>\n<div id=\"frm_field_15_container\" class=\"frm_form_field form-field  frm_top_container frm6\">\r\n    <label for=\"field_gg93g\" id=\"field_gg93g_label\" class=\"frm_primary_label\">Tapahtuman lis\u00e4tietojen linkki\r\n        <span class=\"frm_required\" aria-hidden=\"true\"><\/span>\r\n    <\/label>\r\n    <input type=\"url\" id=\"field_gg93g\" name=\"item_meta[15]\" value=\"\"  data-invmsg=\"Website\/URL is invalid\" aria-invalid=\"false\"  \/>\r\n    \r\n    \r\n<\/div>\n<div id=\"frm_field_16_container\" class=\"frm_form_field form-field  frm_required_field frm_top_container\">\r\n    <label for=\"field_6uevn\" id=\"field_6uevn_label\" class=\"frm_primary_label\">Tapahtuman kuva (vaakakuva 3:2)\r\n        <span class=\"frm_required\" aria-hidden=\"true\">*<\/span>\r\n    <\/label>\r\n    <input type=\"hidden\"  data-reqmsg=\"T\u00e4m\u00e4 kentt\u00e4 ei voi olla tyhj\u00e4.\" data-invmsg=\"File Upload is invalid\" aria-invalid=\"false\"   name=\"item_meta[16][]\"  data-reqmsg=\"T\u00e4m\u00e4 kentt\u00e4 ei voi olla tyhj\u00e4.\"  value=\"\" data-frmfile=\"16\" \/>\n\n<div class=\"frm_dropzone frm_multi_upload frm_clearfix\" id=\"file16_dropzone\" role=\"group\" >\n\t<div class=\"fallback\">\n\t\t<input type=\"file\" name=\"file16[]\" id=\"field_6uevn\"\n\t\t\t data-frmfile=\"16\" multiple=\"multiple\"  data-reqmsg=\"T\u00e4m\u00e4 kentt\u00e4 ei voi olla tyhj\u00e4.\" data-invmsg=\"File Upload is invalid\" aria-invalid=\"false\"  \t\t\t\/>\n\t\t\t\t<div class=\"frm_clearfix \"><\/div>\n\t<\/div>\n\t<div class=\"dz-message needsclick\">\n\t\t\t\t<svg  viewBox=\"0 0 18 18\" class=\"frmsvg frm-svg-icon\">\n\t<path viewBox=\"0 0 18 18\" fill-rule=\"evenodd\" clip-rule=\"evenodd\" d=\"M8.2 4v8a.8.8 0 001.5 0V4l2.1 2.2A.7.7 0 1013 5L9.5 1.7a.7.7 0 00-1.1 0L5.1 5.2a.8.8 0 001 1l2.1-2zm7.6 4.3c.4 0 .7.3.7.7v6.8c0 .4-.3.7-.8.7H2.3a.8.8 0 01-.8-.8V9A.8.8 0 013 9v6h12V9c0-.4.3-.8.8-.8z\"><\/path>\n<\/svg>\t\t<span class=\"frm_upload_text\"><button type=\"button\" aria-label=\"Tapahtuman kuva (vaakakuva 3:2). Raahaa tiedosto t\u00e4h\u00e4n tai klikkaa t\u00e4st\u00e4. Maximum file size: 134.22MB\">Raahaa tiedosto t\u00e4h\u00e4n tai klikkaa t\u00e4st\u00e4<\/button><\/span>\n\t\t<span class=\"frm_compact_text\"><button type=\"button\" aria-label=\"Tapahtuman kuva (vaakakuva 3:2). Valitse tiedosto. Maximum file size: 134.22MB\">Valitse tiedosto<\/button><\/span>\n\t\t<div class=\"frm_small_text\">\n\t\t\t<p>Maximum file size: 134.22MB<\/p>\n\t\t<\/div>\n\t<\/div>\n<\/div>\n\t\r\n    \r\n    \r\n<\/div>\n<div id=\"frm_field_112_container\" class=\"frm_form_field form-field \">\n\t<div class=\"frm_submit\">\r\n\r\n<button class=\"frm_button_submit frm_final_submit\" type=\"submit\"   formnovalidate=\"formnovalidate\">L\u00e4het\u00e4<\/button>\r\n\r\n\r\n<\/div>\n<\/div>\n\t<input type=\"hidden\" name=\"item_key\" value=\"\" \/>\n\t\t\t<div id=\"frm_field_158_container\">\n\t\t\t<label for=\"field_nflhw\" >\n\t\t\t\tIf you are human, leave this field blank.\t\t\t<\/label>\n\t\t\t<input  id=\"field_nflhw\" type=\"text\" class=\"frm_form_field form-field frm_verify\" name=\"item_meta[158]\" value=\"\"  \/>\n\t\t<\/div>\n\t\t<input name=\"frm_state\" type=\"hidden\" value=\"\/7M\/NOe6nVpdXq3+lMtf+GD5yXXrgkxAhkVqLtTjZ8hgS\/dWaetVZNkbQnWYvxoh\" \/><\/div>\n<\/fieldset>\n<\/div>\n\n<\/form>\n<\/div>\n\n","protected":false},"excerpt":{"rendered":"","protected":false},"author":4,"featured_media":0,"parent":0,"menu_order":0,"comment_status":"closed","ping_status":"closed","template":"","meta":{"_acf_changed":false,"footnotes":""},"class_list":["post-8091","page","type-page","status-publish","hentry"],"acf":[],"_links":{"self":[{"href":"https:\/\/lhgeopark.fi\/en\/wp-json\/wp\/v2\/pages\/8091","targetHints":{"allow":["GET"]}}],"collection":[{"href":"https:\/\/lhgeopark.fi\/en\/wp-json\/wp\/v2\/pages"}],"about":[{"href":"https:\/\/lhgeopark.fi\/en\/wp-json\/wp\/v2\/types\/page"}],"author":[{"embeddable":true,"href":"https:\/\/lhgeopark.fi\/en\/wp-json\/wp\/v2\/users\/4"}],"replies":[{"embeddable":true,"href":"https:\/\/lhgeopark.fi\/en\/wp-json\/wp\/v2\/comments?post=8091"}],"version-history":[{"count":5,"href":"https:\/\/lhgeopark.fi\/en\/wp-json\/wp\/v2\/pages\/8091\/revisions"}],"predecessor-version":[{"id":8114,"href":"https:\/\/lhgeopark.fi\/en\/wp-json\/wp\/v2\/pages\/8091\/revisions\/8114"}],"wp:attachment":[{"href":"https:\/\/lhgeopark.fi\/en\/wp-json\/wp\/v2\/media?parent=8091"}],"curies":[{"name":"wp","href":"https:\/\/api.w.org\/{rel}","templated":true}]}}