{"id":7862,"date":"2023-10-24T15:03:44","date_gmt":"2023-10-24T12:03:44","guid":{"rendered":"https:\/\/lhgeopark.fi\/qr-taulut-mh\/kuivajarvi-lauhanvuoren-kansallispuiston-suurin-kausikosteikko\/"},"modified":"2024-01-12T12:33:31","modified_gmt":"2024-01-12T10:33:31","slug":"kuivajarvi-lauhanvuori","status":"publish","type":"page","link":"https:\/\/lhgeopark.fi\/sv\/qr-innehall-till-tavlor\/kuivajarvi-lauhanvuori\/","title":{"rendered":"Kuivaj\u00e4rvi, Lauhanvuori nationalparks st\u00f6rsta s\u00e4songv\u00e5tmark"},"content":{"rendered":"","protected":false},"excerpt":{"rendered":"","protected":false},"author":5,"featured_media":0,"parent":7852,"menu_order":9,"comment_status":"closed","ping_status":"closed","template":"","meta":{"_acf_changed":false,"footnotes":""},"class_list":["post-7862","page","type-page","status-publish","hentry"],"acf":[],"_links":{"self":[{"href":"https:\/\/lhgeopark.fi\/sv\/wp-json\/wp\/v2\/pages\/7862","targetHints":{"allow":["GET"]}}],"collection":[{"href":"https:\/\/lhgeopark.fi\/sv\/wp-json\/wp\/v2\/pages"}],"about":[{"href":"https:\/\/lhgeopark.fi\/sv\/wp-json\/wp\/v2\/types\/page"}],"author":[{"embeddable":true,"href":"https:\/\/lhgeopark.fi\/sv\/wp-json\/wp\/v2\/users\/5"}],"replies":[{"embeddable":true,"href":"https:\/\/lhgeopark.fi\/sv\/wp-json\/wp\/v2\/comments?post=7862"}],"version-history":[{"count":2,"href":"https:\/\/lhgeopark.fi\/sv\/wp-json\/wp\/v2\/pages\/7862\/revisions"}],"predecessor-version":[{"id":7908,"href":"https:\/\/lhgeopark.fi\/sv\/wp-json\/wp\/v2\/pages\/7862\/revisions\/7908"}],"up":[{"embeddable":true,"href":"https:\/\/lhgeopark.fi\/sv\/wp-json\/wp\/v2\/pages\/7852"}],"wp:attachment":[{"href":"https:\/\/lhgeopark.fi\/sv\/wp-json\/wp\/v2\/media?parent=7862"}],"curies":[{"name":"wp","href":"https:\/\/api.w.org\/{rel}","templated":true}]}}